{"id":7501,"date":"2024-03-28T11:06:49","date_gmt":"2024-03-28T10:06:49","guid":{"rendered":"https:\/\/a-propos-du-francais.de\/contact\/"},"modified":"2025-11-26T13:25:20","modified_gmt":"2025-11-26T12:25:20","slug":"contact","status":"publish","type":"page","link":"https:\/\/a-propos-du-francais.de\/en\/contact\/","title":{"rendered":"Contact"},"content":{"rendered":"\t\t<div data-elementor-type=\"wp-page\" data-elementor-id=\"7501\" class=\"elementor elementor-7501 elementor-53\" data-elementor-post-type=\"page\">\n\t\t\t\t<div class=\"elementor-element elementor-element-7cf52a55 e-flex e-con-boxed e-con e-parent\" data-id=\"7cf52a55\" data-element_type=\"container\" data-e-type=\"container\" data-settings=\"{&quot;background_background&quot;:&quot;classic&quot;}\">\n\t\t\t\t\t<div class=\"e-con-inner\">\n\t\t<div class=\"elementor-element elementor-element-5b02b66f e-con-full e-flex e-con e-child\" data-id=\"5b02b66f\" data-element_type=\"container\" data-e-type=\"container\" data-settings=\"{&quot;background_background&quot;:&quot;classic&quot;}\">\n\t\t\t\t<\/div>\n\t\t\t\t\t<\/div>\n\t\t\t\t<\/div>\n\t\t<div class=\"elementor-element elementor-element-d0b0943 e-flex e-con-boxed e-con e-parent\" data-id=\"d0b0943\" data-element_type=\"container\" data-e-type=\"container\" data-settings=\"{&quot;background_background&quot;:&quot;classic&quot;}\">\n\t\t\t\t\t<div class=\"e-con-inner\">\n\t\t<div class=\"elementor-element elementor-element-1bb3610 e-con-full e-flex e-con e-child\" data-id=\"1bb3610\" data-element_type=\"container\" data-e-type=\"container\" data-settings=\"{&quot;background_background&quot;:&quot;classic&quot;}\">\n\t\t\t\t<div class=\"elementor-element elementor-element-61ac93e elementor-widget elementor-widget-heading\" data-id=\"61ac93e\" data-element_type=\"widget\" data-e-type=\"widget\" data-widget_type=\"heading.default\">\n\t\t\t\t<div class=\"elementor-widget-container\">\n\t\t\t\t\t<h2 class=\"elementor-heading-title elementor-size-default\">Let's start a conversation!<\/h2>\t\t\t\t<\/div>\n\t\t\t\t<\/div>\n\t\t\t\t<div class=\"elementor-element elementor-element-c8cd890 elementor-widget elementor-widget-text-editor\" data-id=\"c8cd890\" data-element_type=\"widget\" data-e-type=\"widget\" data-widget_type=\"text-editor.default\">\n\t\t\t\t<div class=\"elementor-widget-container\">\n\t\t\t\t\t\t\t\t\t<p>I hope I&#8217;ve sparked your curiosity about a new language. If you have any questions about me or my lessons, please feel free to contact me here. I look forward to hearing from you.<\/p><p>Let&#8217;s take your language skills to the next level together!<\/p>\t\t\t\t\t\t\t\t<\/div>\n\t\t\t\t<\/div>\n\t\t\t\t<div class=\"elementor-element elementor-element-20a946c elementor-tablet-align-center elementor-list-item-link-full_width elementor-widget elementor-widget-icon-list\" data-id=\"20a946c\" data-element_type=\"widget\" data-e-type=\"widget\" data-widget_type=\"icon-list.default\">\n\t\t\t\t<div class=\"elementor-widget-container\">\n\t\t\t\t\t\t\t<ul class=\"elementor-icon-list-items\">\n\t\t\t\t\t\t\t<li class=\"elementor-icon-list-item\">\n\t\t\t\t\t\t\t\t\t\t\t<a href=\"mailto:contact@a-propos-du-francais.de\">\n\n\t\t\t\t\t\t\t\t\t\t\t\t<span class=\"elementor-icon-list-icon\">\n\t\t\t\t\t\t\t<svg aria-hidden=\"true\" class=\"e-font-icon-svg e-far-envelope\" viewBox=\"0 0 512 512\" xmlns=\"http:\/\/www.w3.org\/2000\/svg\"><path d=\"M464 64H48C21.49 64 0 85.49 0 112v288c0 26.51 21.49 48 48 48h416c26.51 0 48-21.49 48-48V112c0-26.51-21.49-48-48-48zm0 48v40.805c-22.422 18.259-58.168 46.651-134.587 106.49-16.841 13.247-50.201 45.072-73.413 44.701-23.208.375-56.579-31.459-73.413-44.701C106.18 199.465 70.425 171.067 48 152.805V112h416zM48 400V214.398c22.914 18.251 55.409 43.862 104.938 82.646 21.857 17.205 60.134 55.186 103.062 54.955 42.717.231 80.509-37.199 103.053-54.947 49.528-38.783 82.032-64.401 104.947-82.653V400H48z\"><\/path><\/svg>\t\t\t\t\t\t<\/span>\n\t\t\t\t\t\t\t\t\t\t<span class=\"elementor-icon-list-text\">Write an email<\/span>\n\t\t\t\t\t\t\t\t\t\t\t<\/a>\n\t\t\t\t\t\t\t\t\t<\/li>\n\t\t\t\t\t\t<\/ul>\n\t\t\t\t\t\t<\/div>\n\t\t\t\t<\/div>\n\t\t\t\t<\/div>\n\t\t<div class=\"elementor-element elementor-element-f17fa25 e-con-full e-flex e-con e-child\" data-id=\"f17fa25\" data-element_type=\"container\" data-e-type=\"container\" data-settings=\"{&quot;background_background&quot;:&quot;classic&quot;}\">\n\t\t\t\t<div class=\"elementor-element elementor-element-6badcdd elementor-widget elementor-widget-image\" data-id=\"6badcdd\" data-element_type=\"widget\" data-e-type=\"widget\" data-widget_type=\"image.default\">\n\t\t\t\t<div class=\"elementor-widget-container\">\n\t\t\t\t\t\t\t\t\t\t\t\t\t\t\t<img fetchpriority=\"high\" decoding=\"async\" width=\"1000\" height=\"1018\" src=\"https:\/\/a-propos-du-francais.de\/wp-content\/uploads\/2025\/06\/Nathalie-Charles-Wiesemeyer-interkultureller-Franzoesisch-Portrait-04.jpg\" class=\"attachment-large size-large wp-image-7504\" alt=\"\" srcset=\"https:\/\/a-propos-du-francais.de\/wp-content\/uploads\/2025\/06\/Nathalie-Charles-Wiesemeyer-interkultureller-Franzoesisch-Portrait-04.jpg 1000w, https:\/\/a-propos-du-francais.de\/wp-content\/uploads\/2025\/06\/Nathalie-Charles-Wiesemeyer-interkultureller-Franzoesisch-Portrait-04-295x300.jpg 295w, https:\/\/a-propos-du-francais.de\/wp-content\/uploads\/2025\/06\/Nathalie-Charles-Wiesemeyer-interkultureller-Franzoesisch-Portrait-04-768x782.jpg 768w\" sizes=\"(max-width: 1000px) 100vw, 1000px\" \/>\t\t\t\t\t\t\t\t\t\t\t\t\t\t\t<\/div>\n\t\t\t\t<\/div>\n\t\t\t\t<div class=\"elementor-element elementor-element-58f0674 elementor-widget elementor-widget-text-editor\" data-id=\"58f0674\" data-element_type=\"widget\" data-e-type=\"widget\" data-widget_type=\"text-editor.default\">\n\t\t\t\t<div class=\"elementor-widget-container\">\n\t\t\t\t\t\t\t\t\t<p><strong>Nathalie Charl\u00e8s-Wiesemeyer<br><\/strong><\/p><p class=\"p1\">Teacher for French as a foreign language<\/p>\t\t\t\t\t\t\t\t<\/div>\n\t\t\t\t<\/div>\n\t\t\t\t<\/div>\n\t\t\t\t\t<\/div>\n\t\t\t\t<\/div>\n\t\t\t\t<\/div>\n\t\t","protected":false},"excerpt":{"rendered":"<p>Let&#8217;s start a conversation! I hope I&#8217;ve sparked your curiosity about a new language. If you have any questions about [&hellip;]<\/p>\n","protected":false},"author":18,"featured_media":7502,"parent":0,"menu_order":8,"comment_status":"closed","ping_status":"closed","template":"","meta":{"site-sidebar-layout":"no-sidebar","site-content-layout":"","ast-site-content-layout":"full-width-container","site-content-style":"boxed","site-sidebar-style":"default","ast-global-header-display":"","ast-banner-title-visibility":"","ast-main-header-display":"","ast-hfb-above-header-display":"","ast-hfb-below-header-display":"","ast-hfb-mobile-header-display":"","site-post-title":"disabled","ast-breadcrumbs-content":"","ast-featured-img":"disabled","footer-sml-layout":"","ast-disable-related-posts":"","theme-transparent-header-meta":"enabled","adv-header-id-meta":"","stick-header-meta":"","header-above-stick-meta":"","header-main-stick-meta":"","header-below-stick-meta":"","astra-migrate-meta-layouts":"default","ast-page-background-enabled":"default","ast-page-background-meta":{"desktop":{"background-color":"var(--ast-global-color-4)","background-image":"","background-repeat":"repeat","background-position":"center center","background-size":"auto","background-attachment":"scroll","background-type":"","background-media":"","overlay-type":"","overlay-color":"","overlay-opacity":"","overlay-gradient":""},"tablet":{"background-color":"","background-image":"","background-repeat":"repeat","background-position":"center center","background-size":"auto","background-attachment":"scroll","background-type":"","background-media":"","overlay-type":"","overlay-color":"","overlay-opacity":"","overlay-gradient":""},"mobile":{"background-color":"","background-image":"","background-repeat":"repeat","background-position":"center center","background-size":"auto","background-attachment":"scroll","background-type":"","background-media":"","overlay-type":"","overlay-color":"","overlay-opacity":"","overlay-gradient":""}},"ast-content-background-meta":{"desktop":{"background-color":"var(--ast-global-color-5)","background-image":"","background-repeat":"repeat","background-position":"center center","background-size":"auto","background-attachment":"scroll","background-type":"","background-media":"","overlay-type":"","overlay-color":"","overlay-opacity":"","overlay-gradient":""},"tablet":{"background-color":"var(--ast-global-color-5)","background-image":"","background-repeat":"repeat","background-position":"center center","background-size":"auto","background-attachment":"scroll","background-type":"","background-media":"","overlay-type":"","overlay-color":"","overlay-opacity":"","overlay-gradient":""},"mobile":{"background-color":"var(--ast-global-color-5)","background-image":"","background-repeat":"repeat","background-position":"center center","background-size":"auto","background-attachment":"scroll","background-type":"","background-media":"","overlay-type":"","overlay-color":"","overlay-opacity":"","overlay-gradient":""}},"footnotes":""},"class_list":["post-7501","page","type-page","status-publish","has-post-thumbnail","hentry"],"yoast_head":"<!-- This site is optimized with the Yoast SEO plugin v27.3 - https:\/\/yoast.com\/product\/yoast-seo-wordpress\/ -->\n<title>Contact | Nathalie Charl\u00e8s-Wiesemeyer<\/title>\n<meta name=\"description\" content=\"Contact me for French lessons: individual, practical intercultural. Together, we will advance your language skills.\" \/>\n<meta name=\"robots\" content=\"index, follow, max-snippet:-1, max-image-preview:large, max-video-preview:-1\" \/>\n<link rel=\"canonical\" href=\"https:\/\/a-propos-du-francais.de\/en\/contact\/\" \/>\n<meta property=\"og:locale\" content=\"en_US\" \/>\n<meta property=\"og:type\" content=\"article\" \/>\n<meta property=\"og:title\" content=\"Contact | Nathalie Charl\u00e8s-Wiesemeyer\" \/>\n<meta property=\"og:description\" content=\"Contact me for French lessons: individual, practical intercultural. Together, we will advance your language skills.\" \/>\n<meta property=\"og:url\" content=\"https:\/\/a-propos-du-francais.de\/en\/contact\/\" \/>\n<meta property=\"og:site_name\" content=\"Nathalie Charl\u00e8s-Wiesemeyer\" \/>\n<meta property=\"article:modified_time\" content=\"2025-11-26T12:25:20+00:00\" \/>\n<meta property=\"og:image\" content=\"https:\/\/a-propos-du-francais.de\/wp-content\/uploads\/2025\/03\/Nathalie-Charles-Wiesemeyer-interkultureller-Franzoesisch-unterricht-Portrait-03.jpg\" \/>\n\t<meta property=\"og:image:width\" content=\"1000\" \/>\n\t<meta property=\"og:image:height\" content=\"1018\" \/>\n\t<meta property=\"og:image:type\" content=\"image\/jpeg\" \/>\n<meta name=\"twitter:card\" content=\"summary_large_image\" \/>\n<script type=\"application\/ld+json\" class=\"yoast-schema-graph\">{\"@context\":\"https:\\\/\\\/schema.org\",\"@graph\":[{\"@type\":\"WebPage\",\"@id\":\"https:\\\/\\\/a-propos-du-francais.de\\\/en\\\/contact\\\/\",\"url\":\"https:\\\/\\\/a-propos-du-francais.de\\\/en\\\/contact\\\/\",\"name\":\"Contact | Nathalie Charl\u00e8s-Wiesemeyer\",\"isPartOf\":{\"@id\":\"https:\\\/\\\/a-propos-du-francais.de\\\/en\\\/#website\"},\"primaryImageOfPage\":{\"@id\":\"https:\\\/\\\/a-propos-du-francais.de\\\/en\\\/contact\\\/#primaryimage\"},\"image\":{\"@id\":\"https:\\\/\\\/a-propos-du-francais.de\\\/en\\\/contact\\\/#primaryimage\"},\"thumbnailUrl\":\"https:\\\/\\\/a-propos-du-francais.de\\\/wp-content\\\/uploads\\\/2025\\\/03\\\/Nathalie-Charles-Wiesemeyer-interkultureller-Franzoesisch-unterricht-Portrait-03.jpg\",\"datePublished\":\"2024-03-28T10:06:49+00:00\",\"dateModified\":\"2025-11-26T12:25:20+00:00\",\"description\":\"Contact me for French lessons: individual, practical intercultural. Together, we will advance your language skills.\",\"breadcrumb\":{\"@id\":\"https:\\\/\\\/a-propos-du-francais.de\\\/en\\\/contact\\\/#breadcrumb\"},\"inLanguage\":\"en-US\",\"potentialAction\":[{\"@type\":\"ReadAction\",\"target\":[\"https:\\\/\\\/a-propos-du-francais.de\\\/en\\\/contact\\\/\"]}]},{\"@type\":\"ImageObject\",\"inLanguage\":\"en-US\",\"@id\":\"https:\\\/\\\/a-propos-du-francais.de\\\/en\\\/contact\\\/#primaryimage\",\"url\":\"https:\\\/\\\/a-propos-du-francais.de\\\/wp-content\\\/uploads\\\/2025\\\/03\\\/Nathalie-Charles-Wiesemeyer-interkultureller-Franzoesisch-unterricht-Portrait-03.jpg\",\"contentUrl\":\"https:\\\/\\\/a-propos-du-francais.de\\\/wp-content\\\/uploads\\\/2025\\\/03\\\/Nathalie-Charles-Wiesemeyer-interkultureller-Franzoesisch-unterricht-Portrait-03.jpg\",\"width\":1000,\"height\":1018},{\"@type\":\"BreadcrumbList\",\"@id\":\"https:\\\/\\\/a-propos-du-francais.de\\\/en\\\/contact\\\/#breadcrumb\",\"itemListElement\":[{\"@type\":\"ListItem\",\"position\":1,\"name\":\"Startseite\",\"item\":\"https:\\\/\\\/a-propos-du-francais.de\\\/en\\\/nathalie-charles-wiesemeyer\\\/\"},{\"@type\":\"ListItem\",\"position\":2,\"name\":\"Contact\"}]},{\"@type\":\"WebSite\",\"@id\":\"https:\\\/\\\/a-propos-du-francais.de\\\/en\\\/#website\",\"url\":\"https:\\\/\\\/a-propos-du-francais.de\\\/en\\\/\",\"name\":\"Nathalie Charl\u00e8s-Wiesemeyer\",\"description\":\"Franz\u00f6sisch-Unterricht f\u00fcr Erwachsene\",\"alternateName\":\"Franz\u00f6sischunterricht f\u00fcr Erwachsene\",\"potentialAction\":[{\"@type\":\"SearchAction\",\"target\":{\"@type\":\"EntryPoint\",\"urlTemplate\":\"https:\\\/\\\/a-propos-du-francais.de\\\/en\\\/?s={search_term_string}\"},\"query-input\":{\"@type\":\"PropertyValueSpecification\",\"valueRequired\":true,\"valueName\":\"search_term_string\"}}],\"inLanguage\":\"en-US\"}]}<\/script>\n<!-- \/ Yoast SEO plugin. -->","yoast_head_json":{"title":"Contact | Nathalie Charl\u00e8s-Wiesemeyer","description":"Contact me for French lessons: individual, practical intercultural. Together, we will advance your language skills.","robots":{"index":"index","follow":"follow","max-snippet":"max-snippet:-1","max-image-preview":"max-image-preview:large","max-video-preview":"max-video-preview:-1"},"canonical":"https:\/\/a-propos-du-francais.de\/en\/contact\/","og_locale":"en_US","og_type":"article","og_title":"Contact | Nathalie Charl\u00e8s-Wiesemeyer","og_description":"Contact me for French lessons: individual, practical intercultural. Together, we will advance your language skills.","og_url":"https:\/\/a-propos-du-francais.de\/en\/contact\/","og_site_name":"Nathalie Charl\u00e8s-Wiesemeyer","article_modified_time":"2025-11-26T12:25:20+00:00","og_image":[{"width":1000,"height":1018,"url":"https:\/\/a-propos-du-francais.de\/wp-content\/uploads\/2025\/03\/Nathalie-Charles-Wiesemeyer-interkultureller-Franzoesisch-unterricht-Portrait-03.jpg","type":"image\/jpeg"}],"twitter_card":"summary_large_image","schema":{"@context":"https:\/\/schema.org","@graph":[{"@type":"WebPage","@id":"https:\/\/a-propos-du-francais.de\/en\/contact\/","url":"https:\/\/a-propos-du-francais.de\/en\/contact\/","name":"Contact | Nathalie Charl\u00e8s-Wiesemeyer","isPartOf":{"@id":"https:\/\/a-propos-du-francais.de\/en\/#website"},"primaryImageOfPage":{"@id":"https:\/\/a-propos-du-francais.de\/en\/contact\/#primaryimage"},"image":{"@id":"https:\/\/a-propos-du-francais.de\/en\/contact\/#primaryimage"},"thumbnailUrl":"https:\/\/a-propos-du-francais.de\/wp-content\/uploads\/2025\/03\/Nathalie-Charles-Wiesemeyer-interkultureller-Franzoesisch-unterricht-Portrait-03.jpg","datePublished":"2024-03-28T10:06:49+00:00","dateModified":"2025-11-26T12:25:20+00:00","description":"Contact me for French lessons: individual, practical intercultural. Together, we will advance your language skills.","breadcrumb":{"@id":"https:\/\/a-propos-du-francais.de\/en\/contact\/#breadcrumb"},"inLanguage":"en-US","potentialAction":[{"@type":"ReadAction","target":["https:\/\/a-propos-du-francais.de\/en\/contact\/"]}]},{"@type":"ImageObject","inLanguage":"en-US","@id":"https:\/\/a-propos-du-francais.de\/en\/contact\/#primaryimage","url":"https:\/\/a-propos-du-francais.de\/wp-content\/uploads\/2025\/03\/Nathalie-Charles-Wiesemeyer-interkultureller-Franzoesisch-unterricht-Portrait-03.jpg","contentUrl":"https:\/\/a-propos-du-francais.de\/wp-content\/uploads\/2025\/03\/Nathalie-Charles-Wiesemeyer-interkultureller-Franzoesisch-unterricht-Portrait-03.jpg","width":1000,"height":1018},{"@type":"BreadcrumbList","@id":"https:\/\/a-propos-du-francais.de\/en\/contact\/#breadcrumb","itemListElement":[{"@type":"ListItem","position":1,"name":"Startseite","item":"https:\/\/a-propos-du-francais.de\/en\/nathalie-charles-wiesemeyer\/"},{"@type":"ListItem","position":2,"name":"Contact"}]},{"@type":"WebSite","@id":"https:\/\/a-propos-du-francais.de\/en\/#website","url":"https:\/\/a-propos-du-francais.de\/en\/","name":"Nathalie Charl\u00e8s-Wiesemeyer","description":"Franz\u00f6sisch-Unterricht f\u00fcr Erwachsene","alternateName":"Franz\u00f6sischunterricht f\u00fcr Erwachsene","potentialAction":[{"@type":"SearchAction","target":{"@type":"EntryPoint","urlTemplate":"https:\/\/a-propos-du-francais.de\/en\/?s={search_term_string}"},"query-input":{"@type":"PropertyValueSpecification","valueRequired":true,"valueName":"search_term_string"}}],"inLanguage":"en-US"}]}},"_links":{"self":[{"href":"https:\/\/a-propos-du-francais.de\/en\/wp-json\/wp\/v2\/pages\/7501","targetHints":{"allow":["GET"]}}],"collection":[{"href":"https:\/\/a-propos-du-francais.de\/en\/wp-json\/wp\/v2\/pages"}],"about":[{"href":"https:\/\/a-propos-du-francais.de\/en\/wp-json\/wp\/v2\/types\/page"}],"author":[{"embeddable":true,"href":"https:\/\/a-propos-du-francais.de\/en\/wp-json\/wp\/v2\/users\/18"}],"replies":[{"embeddable":true,"href":"https:\/\/a-propos-du-francais.de\/en\/wp-json\/wp\/v2\/comments?post=7501"}],"version-history":[{"count":1,"href":"https:\/\/a-propos-du-francais.de\/en\/wp-json\/wp\/v2\/pages\/7501\/revisions"}],"predecessor-version":[{"id":7753,"href":"https:\/\/a-propos-du-francais.de\/en\/wp-json\/wp\/v2\/pages\/7501\/revisions\/7753"}],"wp:featuredmedia":[{"embeddable":true,"href":"https:\/\/a-propos-du-francais.de\/en\/wp-json\/wp\/v2\/media\/7502"}],"wp:attachment":[{"href":"https:\/\/a-propos-du-francais.de\/en\/wp-json\/wp\/v2\/media?parent=7501"}],"curies":[{"name":"wp","href":"https:\/\/api.w.org\/{rel}","templated":true}]}}