{"id":7506,"date":"2025-03-24T15:59:26","date_gmt":"2025-03-24T14:59:26","guid":{"rendered":"https:\/\/a-propos-du-francais.de\/my-offer\/"},"modified":"2025-08-28T11:40:26","modified_gmt":"2025-08-28T09:40:26","slug":"my-offer","status":"publish","type":"page","link":"https:\/\/a-propos-du-francais.de\/en\/my-offer\/","title":{"rendered":"My Offer"},"content":{"rendered":"\t\t<div data-elementor-type=\"wp-page\" data-elementor-id=\"7506\" class=\"elementor elementor-7506 elementor-6770\" data-elementor-post-type=\"page\">\n\t\t\t\t<div class=\"elementor-element elementor-element-318399 e-flex e-con-boxed e-con e-parent\" data-id=\"318399\" data-element_type=\"container\" data-e-type=\"container\" data-settings=\"{&quot;background_background&quot;:&quot;classic&quot;}\">\n\t\t\t\t\t<div class=\"e-con-inner\">\n\t\t<div class=\"elementor-element elementor-element-2fc635f1 e-con-full e-flex e-con e-child\" data-id=\"2fc635f1\" data-element_type=\"container\" data-e-type=\"container\" data-settings=\"{&quot;background_background&quot;:&quot;classic&quot;}\">\n\t\t\t\t<\/div>\n\t\t\t\t\t<\/div>\n\t\t\t\t<\/div>\n\t\t<div class=\"elementor-element elementor-element-3a35c2e8 e-flex e-con-boxed e-con e-parent\" data-id=\"3a35c2e8\" data-element_type=\"container\" data-e-type=\"container\">\n\t\t\t\t\t<div class=\"e-con-inner\">\n\t\t\t\t<div class=\"elementor-element elementor-element-d684d1d elementor-widget elementor-widget-image\" data-id=\"d684d1d\" data-element_type=\"widget\" data-e-type=\"widget\" data-widget_type=\"image.default\">\n\t\t\t\t<div class=\"elementor-widget-container\">\n\t\t\t\t\t\t\t\t\t\t\t\t\t\t\t<img fetchpriority=\"high\" decoding=\"async\" width=\"1000\" height=\"1018\" src=\"https:\/\/a-propos-du-francais.de\/wp-content\/uploads\/2025\/06\/Nathalie-Charles-Wiesemeyer-interkultureller-Franzoesisch-Portrait-vita.jpg\" class=\"attachment-large size-large wp-image-7516\" alt=\"\" srcset=\"https:\/\/a-propos-du-francais.de\/wp-content\/uploads\/2025\/06\/Nathalie-Charles-Wiesemeyer-interkultureller-Franzoesisch-Portrait-vita.jpg 1000w, https:\/\/a-propos-du-francais.de\/wp-content\/uploads\/2025\/06\/Nathalie-Charles-Wiesemeyer-interkultureller-Franzoesisch-Portrait-vita-295x300.jpg 295w, https:\/\/a-propos-du-francais.de\/wp-content\/uploads\/2025\/06\/Nathalie-Charles-Wiesemeyer-interkultureller-Franzoesisch-Portrait-vita-768x782.jpg 768w\" sizes=\"(max-width: 1000px) 100vw, 1000px\" \/>\t\t\t\t\t\t\t\t\t\t\t\t\t\t\t<\/div>\n\t\t\t\t<\/div>\n\t\t\t\t<div class=\"elementor-element elementor-element-3ca5e654 elementor-widget elementor-widget-heading\" data-id=\"3ca5e654\" data-element_type=\"widget\" data-e-type=\"widget\" data-widget_type=\"heading.default\">\n\t\t\t\t<div class=\"elementor-widget-container\">\n\t\t\t\t\t<h2 class=\"elementor-heading-title elementor-size-default\">Communicate confidently and spontaneously\n\n\n\n\n\n\n<\/h2>\t\t\t\t<\/div>\n\t\t\t\t<\/div>\n\t\t<div class=\"elementor-element elementor-element-53532d7f e-con-full e-flex e-con e-child\" data-id=\"53532d7f\" data-element_type=\"container\" data-e-type=\"container\">\n\t\t<div class=\"elementor-element elementor-element-65f2ec1d e-con-full e-flex e-con e-child\" data-id=\"65f2ec1d\" data-element_type=\"container\" data-e-type=\"container\" data-settings=\"{&quot;background_background&quot;:&quot;classic&quot;}\">\n\t\t\t\t<div class=\"elementor-element elementor-element-6576f231 elementor-widget elementor-widget-text-editor\" data-id=\"6576f231\" data-element_type=\"widget\" data-e-type=\"widget\" data-widget_type=\"text-editor.default\">\n\t\t\t\t<div class=\"elementor-widget-container\">\n\t\t\t\t\t\t\t\t\t<p>Courage to communicate<\/p>\t\t\t\t\t\t\t\t<\/div>\n\t\t\t\t<\/div>\n\t\t\t\t<div class=\"elementor-element elementor-element-5b8057a elementor-widget elementor-widget-text-editor\" data-id=\"5b8057a\" data-element_type=\"widget\" data-e-type=\"widget\" data-widget_type=\"text-editor.default\">\n\t\t\t\t<div class=\"elementor-widget-container\">\n\t\t\t\t\t\t\t\t\t<p>How do you overcome the fear of making mistakes? Should you have the courage to express yourself, or rather wait for the perfect sentence? In my courses, I use theater, music, drawing, and creative writing to promote spontaneity and self-confidence. Depending on the language level, I supplement these approaches with vocabulary and grammar.<\/p>\t\t\t\t\t\t\t\t<\/div>\n\t\t\t\t<\/div>\n\t\t\t\t<\/div>\n\t\t<div class=\"elementor-element elementor-element-19d531e e-con-full e-flex e-con e-child\" data-id=\"19d531e\" data-element_type=\"container\" data-e-type=\"container\" data-settings=\"{&quot;background_background&quot;:&quot;classic&quot;}\">\n\t\t\t\t<div class=\"elementor-element elementor-element-23baf175 elementor-widget elementor-widget-text-editor\" data-id=\"23baf175\" data-element_type=\"widget\" data-e-type=\"widget\" data-widget_type=\"text-editor.default\">\n\t\t\t\t<div class=\"elementor-widget-container\">\n\t\t\t\t\t\t\t\t\t<p>More than vocabulary and grammar<\/p>\t\t\t\t\t\t\t\t<\/div>\n\t\t\t\t<\/div>\n\t\t\t\t<div class=\"elementor-element elementor-element-1a56e34 elementor-widget elementor-widget-text-editor\" data-id=\"1a56e34\" data-element_type=\"widget\" data-e-type=\"widget\" data-widget_type=\"text-editor.default\">\n\t\t\t\t<div class=\"elementor-widget-container\">\n\t\t\t\t\t\t\t\t\t<p>Language learning goes beyond mere vocabulary. Cultural codes and intercultural communication are just as important. Language is more than just a system of words \u2013 it opens doors to social and cultural dynamics.<\/p>\t\t\t\t\t\t\t\t<\/div>\n\t\t\t\t<\/div>\n\t\t\t\t<\/div>\n\t\t<div class=\"elementor-element elementor-element-7a7a23cb e-con-full e-flex e-con e-child\" data-id=\"7a7a23cb\" data-element_type=\"container\" data-e-type=\"container\" data-settings=\"{&quot;background_background&quot;:&quot;classic&quot;}\">\n\t\t\t\t<div class=\"elementor-element elementor-element-e1d283c elementor-widget elementor-widget-text-editor\" data-id=\"e1d283c\" data-element_type=\"widget\" data-e-type=\"widget\" data-widget_type=\"text-editor.default\">\n\t\t\t\t<div class=\"elementor-widget-container\">\n\t\t\t\t\t\t\t\t\t<p>Interculturality as a lived practice<\/p>\t\t\t\t\t\t\t\t<\/div>\n\t\t\t\t<\/div>\n\t\t\t\t<div class=\"elementor-element elementor-element-df3af11 elementor-widget elementor-widget-text-editor\" data-id=\"df3af11\" data-element_type=\"widget\" data-e-type=\"widget\" data-widget_type=\"text-editor.default\">\n\t\t\t\t<div class=\"elementor-widget-container\">\n\t\t\t\t\t\t\t\t\t<p>Through my experiences in regions such as the Maghreb, the Middle East, Central America, the Caribbean, Sub-Saharan Africa, Spain, and Germany, intercultural communication is a matter of course for me. These experiences flow directly into my teaching and enrich my work.<\/p>\t\t\t\t\t\t\t\t<\/div>\n\t\t\t\t<\/div>\n\t\t\t\t<\/div>\n\t\t\t\t<\/div>\n\t\t\t\t<div class=\"elementor-element elementor-element-4c338e6f elementor-align-center elementor-widget elementor-widget-button\" data-id=\"4c338e6f\" data-element_type=\"widget\" data-e-type=\"widget\" data-widget_type=\"button.default\">\n\t\t\t\t<div class=\"elementor-widget-container\">\n\t\t\t\t\t\t\t\t\t<div class=\"elementor-button-wrapper\">\n\t\t\t\t\t<a class=\"elementor-button elementor-button-link elementor-size-sm\" href=\"https:\/\/a-propos-du-francais.de\/en\/contact\/\">\n\t\t\t\t\t\t<span class=\"elementor-button-content-wrapper\">\n\t\t\t\t\t\t\t\t\t<span class=\"elementor-button-text\">Contact me for an initial consultation<\/span>\n\t\t\t\t\t<\/span>\n\t\t\t\t\t<\/a>\n\t\t\t\t<\/div>\n\t\t\t\t\t\t\t\t<\/div>\n\t\t\t\t<\/div>\n\t\t\t\t\t<\/div>\n\t\t\t\t<\/div>\n\t\t<div class=\"elementor-element elementor-element-2029462f e-flex e-con-boxed elementor-invisible e-con e-parent\" data-id=\"2029462f\" data-element_type=\"container\" data-e-type=\"container\" id=\"information\" data-settings=\"{&quot;background_background&quot;:&quot;classic&quot;,&quot;animation&quot;:&quot;fadeInUp&quot;}\">\n\t\t\t\t\t<div class=\"e-con-inner\">\n\t\t<div class=\"elementor-element elementor-element-aaaaf83 e-con-full e-flex e-con e-child\" data-id=\"aaaaf83\" data-element_type=\"container\" data-e-type=\"container\">\n\t\t\t\t<div class=\"elementor-element elementor-element-7ed7e2e elementor-widget elementor-widget-text-editor\" data-id=\"7ed7e2e\" data-element_type=\"widget\" data-e-type=\"widget\" data-widget_type=\"text-editor.default\">\n\t\t\t\t<div class=\"elementor-widget-container\">\n\t\t\t\t\t\t\t\t\t<p>My offer<\/p>\t\t\t\t\t\t\t\t<\/div>\n\t\t\t\t<\/div>\n\t\t\t\t<div class=\"elementor-element elementor-element-27d8f0e0 elementor-widget elementor-widget-heading\" data-id=\"27d8f0e0\" data-element_type=\"widget\" data-e-type=\"widget\" data-widget_type=\"heading.default\">\n\t\t\t\t<div class=\"elementor-widget-container\">\n\t\t\t\t\t<h2 class=\"elementor-heading-title elementor-size-default\">Individual needs analysis and flexible learning formats<\/h2>\t\t\t\t<\/div>\n\t\t\t\t<\/div>\n\t\t\t\t<\/div>\n\t\t<div class=\"elementor-element elementor-element-289750df e-con-full e-flex e-con e-child\" data-id=\"289750df\" data-element_type=\"container\" data-e-type=\"container\">\n\t\t\t\t<div class=\"elementor-element elementor-element-acdc8a7 elementor-widget elementor-widget-text-editor\" data-id=\"acdc8a7\" data-element_type=\"widget\" data-e-type=\"widget\" data-widget_type=\"text-editor.default\">\n\t\t\t\t<div class=\"elementor-widget-container\">\n\t\t\t\t\t\t\t\t\t<p>I offer you tailor-made French courses to deepen your language skills \u2013 whether to prepare for a trip to a French-speaking country or to achieve specific professional goals.<\/p><p>Depending on your needs, we can switch from an everyday or informal language register to a more sophisticated or diplomatic style.<\/p><p>In addition, I prepare you specifically for the DELF and DALF exams, as I have been working as an examiner and corrector at the Institut fran\u00e7ais in Bonn for 15 years.<\/p><p>I also offer training on various topics as well as on presentation and moderation.<\/p>\t\t\t\t\t\t\t\t<\/div>\n\t\t\t\t<\/div>\n\t\t\t\t<\/div>\n\t\t\t\t\t<\/div>\n\t\t\t\t<\/div>\n\t\t<div class=\"elementor-element elementor-element-79bb681 e-flex e-con-boxed elementor-invisible e-con e-parent\" data-id=\"79bb681\" data-element_type=\"container\" data-e-type=\"container\" data-settings=\"{&quot;background_background&quot;:&quot;classic&quot;,&quot;animation&quot;:&quot;fadeInUp&quot;}\">\n\t\t\t\t\t<div class=\"e-con-inner\">\n\t\t<div class=\"elementor-element elementor-element-12a0a2f e-con-full e-flex e-con e-child\" data-id=\"12a0a2f\" data-element_type=\"container\" data-e-type=\"container\">\n\t\t\t\t<div class=\"elementor-element elementor-element-966661f elementor-widget elementor-widget-text-editor\" data-id=\"966661f\" data-element_type=\"widget\" data-e-type=\"widget\" data-widget_type=\"text-editor.default\">\n\t\t\t\t<div class=\"elementor-widget-container\">\n\t\t\t\t\t\t\t\t\t<p>My method<\/p>\t\t\t\t\t\t\t\t<\/div>\n\t\t\t\t<\/div>\n\t\t\t\t<div class=\"elementor-element elementor-element-d4163ca elementor-widget elementor-widget-heading\" data-id=\"d4163ca\" data-element_type=\"widget\" data-e-type=\"widget\" data-widget_type=\"heading.default\">\n\t\t\t\t<div class=\"elementor-widget-container\">\n\t\t\t\t\t<h2 class=\"elementor-heading-title elementor-size-default\">Goal setting, inventory  tailored support<\/h2>\t\t\t\t<\/div>\n\t\t\t\t<\/div>\n\t\t\t\t<\/div>\n\t\t<div class=\"elementor-element elementor-element-d2c00d2 e-con-full e-flex e-con e-child\" data-id=\"d2c00d2\" data-element_type=\"container\" data-e-type=\"container\">\n\t\t\t\t<div class=\"elementor-element elementor-element-1dd3c83 elementor-widget elementor-widget-text-editor\" data-id=\"1dd3c83\" data-element_type=\"widget\" data-e-type=\"widget\" data-widget_type=\"text-editor.default\">\n\t\t\t\t<div class=\"elementor-widget-container\">\n\t\t\t\t\t\t\t\t\t<p>In the first lesson, we define the individual goals together, then I take stock of the oral and written skills to determine the level. Depending on your needs, we will deepen certain skills using language methods, authentic documents or material provided by the learners themselves.<\/p><p>The lessons take place online on various platforms and can also be held as face-to-face lessons in Bonn.<\/p>\t\t\t\t\t\t\t\t<\/div>\n\t\t\t\t<\/div>\n\t\t\t\t<\/div>\n\t\t\t\t\t<\/div>\n\t\t\t\t<\/div>\n\t\t<div class=\"elementor-element elementor-element-7f4ec6e e-flex e-con-boxed e-con e-parent\" data-id=\"7f4ec6e\" data-element_type=\"container\" data-e-type=\"container\" data-settings=\"{&quot;background_background&quot;:&quot;classic&quot;}\">\n\t\t\t\t\t<div class=\"e-con-inner\">\n\t\t\t\t<div class=\"elementor-element elementor-element-2ade64e1 elementor-widget elementor-widget-heading\" data-id=\"2ade64e1\" data-element_type=\"widget\" data-e-type=\"widget\" data-widget_type=\"heading.default\">\n\t\t\t\t<div class=\"elementor-widget-container\">\n\t\t\t\t\t<h2 class=\"elementor-heading-title elementor-size-default\">Vous voulez parler en fran\u00e7ais ?<\/h2>\t\t\t\t<\/div>\n\t\t\t\t<\/div>\n\t\t\t\t<div class=\"elementor-element elementor-element-755683e3 elementor-widget elementor-widget-text-editor\" data-id=\"755683e3\" data-element_type=\"widget\" data-e-type=\"widget\" data-widget_type=\"text-editor.default\">\n\t\t\t\t<div class=\"elementor-widget-container\">\n\t\t\t\t\t\t\t\t\t<p>Learn French with tailored lessons! Whether for travel, work or personal development \u2013 I will accompany you on your language journey. Book your first lesson now!  <\/p>\t\t\t\t\t\t\t\t<\/div>\n\t\t\t\t<\/div>\n\t\t\t\t<div class=\"elementor-element elementor-element-58e303fb elementor-widget elementor-widget-button\" data-id=\"58e303fb\" data-element_type=\"widget\" data-e-type=\"widget\" data-widget_type=\"button.default\">\n\t\t\t\t<div class=\"elementor-widget-container\">\n\t\t\t\t\t\t\t\t\t<div class=\"elementor-button-wrapper\">\n\t\t\t\t\t<a class=\"elementor-button elementor-button-link elementor-size-sm\" href=\"https:\/\/a-propos-du-francais.de\/en\/contact\/\">\n\t\t\t\t\t\t<span class=\"elementor-button-content-wrapper\">\n\t\t\t\t\t\t\t\t\t<span class=\"elementor-button-text\">Contact Me<\/span>\n\t\t\t\t\t<\/span>\n\t\t\t\t\t<\/a>\n\t\t\t\t<\/div>\n\t\t\t\t\t\t\t\t<\/div>\n\t\t\t\t<\/div>\n\t\t\t\t\t<\/div>\n\t\t\t\t<\/div>\n\t\t\t\t<\/div>\n\t\t","protected":false},"excerpt":{"rendered":"<p>Communicate confidently and spontaneously Courage to communicate How do you overcome the fear of making mistakes? Should you have the [&hellip;]<\/p>\n","protected":false},"author":18,"featured_media":7502,"parent":0,"menu_order":2,"comment_status":"closed","ping_status":"closed","template":"","meta":{"site-sidebar-layout":"no-sidebar","site-content-layout":"","ast-site-content-layout":"full-width-container","site-content-style":"boxed","site-sidebar-style":"default","ast-global-header-display":"","ast-banner-title-visibility":"","ast-main-header-display":"","ast-hfb-above-header-display":"","ast-hfb-below-header-display":"","ast-hfb-mobile-header-display":"","site-post-title":"disabled","ast-breadcrumbs-content":"","ast-featured-img":"disabled","footer-sml-layout":"","ast-disable-related-posts":"","theme-transparent-header-meta":"enabled","adv-header-id-meta":"","stick-header-meta":"","header-above-stick-meta":"","header-main-stick-meta":"","header-below-stick-meta":"","astra-migrate-meta-layouts":"default","ast-page-background-enabled":"default","ast-page-background-meta":{"desktop":{"background-color":"var(--ast-global-color-4)","background-image":"","background-repeat":"repeat","background-position":"center center","background-size":"auto","background-attachment":"scroll","background-type":"","background-media":"","overlay-type":"","overlay-color":"","overlay-opacity":"","overlay-gradient":""},"tablet":{"background-color":"","background-image":"","background-repeat":"repeat","background-position":"center center","background-size":"auto","background-attachment":"scroll","background-type":"","background-media":"","overlay-type":"","overlay-color":"","overlay-opacity":"","overlay-gradient":""},"mobile":{"background-color":"","background-image":"","background-repeat":"repeat","background-position":"center center","background-size":"auto","background-attachment":"scroll","background-type":"","background-media":"","overlay-type":"","overlay-color":"","overlay-opacity":"","overlay-gradient":""}},"ast-content-background-meta":{"desktop":{"background-color":"var(--ast-global-color-5)","background-image":"","background-repeat":"repeat","background-position":"center center","background-size":"auto","background-attachment":"scroll","background-type":"","background-media":"","overlay-type":"","overlay-color":"","overlay-opacity":"","overlay-gradient":""},"tablet":{"background-color":"var(--ast-global-color-5)","background-image":"","background-repeat":"repeat","background-position":"center center","background-size":"auto","background-attachment":"scroll","background-type":"","background-media":"","overlay-type":"","overlay-color":"","overlay-opacity":"","overlay-gradient":""},"mobile":{"background-color":"var(--ast-global-color-5)","background-image":"","background-repeat":"repeat","background-position":"center center","background-size":"auto","background-attachment":"scroll","background-type":"","background-media":"","overlay-type":"","overlay-color":"","overlay-opacity":"","overlay-gradient":""}},"footnotes":""},"class_list":["post-7506","page","type-page","status-publish","has-post-thumbnail","hentry"],"yoast_head":"<!-- This site is optimized with the Yoast SEO plugin v27.3 - https:\/\/yoast.com\/product\/yoast-seo-wordpress\/ -->\n<title>My Offer | Nathalie Charl\u00e8s-Wiesemeyer<\/title>\n<meta name=\"description\" content=\"Speak French with confidence: Train spontaneity creativity \u2013 with theater, music intercultural impulses.\" \/>\n<meta name=\"robots\" content=\"index, follow, max-snippet:-1, max-image-preview:large, max-video-preview:-1\" \/>\n<link rel=\"canonical\" href=\"https:\/\/a-propos-du-francais.de\/en\/my-offer\/\" \/>\n<meta property=\"og:locale\" content=\"en_US\" \/>\n<meta property=\"og:type\" content=\"article\" \/>\n<meta property=\"og:title\" content=\"My Offer | Nathalie Charl\u00e8s-Wiesemeyer\" \/>\n<meta property=\"og:description\" content=\"Speak French with confidence: Train spontaneity creativity \u2013 with theater, music intercultural impulses.\" \/>\n<meta property=\"og:url\" content=\"https:\/\/a-propos-du-francais.de\/en\/my-offer\/\" \/>\n<meta property=\"og:site_name\" content=\"Nathalie Charl\u00e8s-Wiesemeyer\" \/>\n<meta property=\"article:modified_time\" content=\"2025-08-28T09:40:26+00:00\" \/>\n<meta property=\"og:image\" content=\"https:\/\/a-propos-du-francais.de\/wp-content\/uploads\/2025\/03\/Nathalie-Charles-Wiesemeyer-interkultureller-Franzoesisch-unterricht-Portrait-03.jpg\" \/>\n\t<meta property=\"og:image:width\" content=\"1000\" \/>\n\t<meta property=\"og:image:height\" content=\"1018\" \/>\n\t<meta property=\"og:image:type\" content=\"image\/jpeg\" \/>\n<meta name=\"twitter:card\" content=\"summary_large_image\" \/>\n<meta name=\"twitter:label1\" content=\"Est. reading time\" \/>\n\t<meta name=\"twitter:data1\" content=\"2 minutes\" \/>\n<script type=\"application\/ld+json\" class=\"yoast-schema-graph\">{\"@context\":\"https:\\\/\\\/schema.org\",\"@graph\":[{\"@type\":\"WebPage\",\"@id\":\"https:\\\/\\\/a-propos-du-francais.de\\\/en\\\/my-offer\\\/\",\"url\":\"https:\\\/\\\/a-propos-du-francais.de\\\/en\\\/my-offer\\\/\",\"name\":\"My Offer | Nathalie Charl\u00e8s-Wiesemeyer\",\"isPartOf\":{\"@id\":\"https:\\\/\\\/a-propos-du-francais.de\\\/en\\\/#website\"},\"primaryImageOfPage\":{\"@id\":\"https:\\\/\\\/a-propos-du-francais.de\\\/en\\\/my-offer\\\/#primaryimage\"},\"image\":{\"@id\":\"https:\\\/\\\/a-propos-du-francais.de\\\/en\\\/my-offer\\\/#primaryimage\"},\"thumbnailUrl\":\"https:\\\/\\\/a-propos-du-francais.de\\\/wp-content\\\/uploads\\\/2025\\\/03\\\/Nathalie-Charles-Wiesemeyer-interkultureller-Franzoesisch-unterricht-Portrait-03.jpg\",\"datePublished\":\"2025-03-24T14:59:26+00:00\",\"dateModified\":\"2025-08-28T09:40:26+00:00\",\"description\":\"Speak French with confidence: Train spontaneity creativity \u2013 with theater, music intercultural impulses.\",\"breadcrumb\":{\"@id\":\"https:\\\/\\\/a-propos-du-francais.de\\\/en\\\/my-offer\\\/#breadcrumb\"},\"inLanguage\":\"en-US\",\"potentialAction\":[{\"@type\":\"ReadAction\",\"target\":[\"https:\\\/\\\/a-propos-du-francais.de\\\/en\\\/my-offer\\\/\"]}]},{\"@type\":\"ImageObject\",\"inLanguage\":\"en-US\",\"@id\":\"https:\\\/\\\/a-propos-du-francais.de\\\/en\\\/my-offer\\\/#primaryimage\",\"url\":\"https:\\\/\\\/a-propos-du-francais.de\\\/wp-content\\\/uploads\\\/2025\\\/03\\\/Nathalie-Charles-Wiesemeyer-interkultureller-Franzoesisch-unterricht-Portrait-03.jpg\",\"contentUrl\":\"https:\\\/\\\/a-propos-du-francais.de\\\/wp-content\\\/uploads\\\/2025\\\/03\\\/Nathalie-Charles-Wiesemeyer-interkultureller-Franzoesisch-unterricht-Portrait-03.jpg\",\"width\":1000,\"height\":1018},{\"@type\":\"BreadcrumbList\",\"@id\":\"https:\\\/\\\/a-propos-du-francais.de\\\/en\\\/my-offer\\\/#breadcrumb\",\"itemListElement\":[{\"@type\":\"ListItem\",\"position\":1,\"name\":\"Startseite\",\"item\":\"https:\\\/\\\/a-propos-du-francais.de\\\/en\\\/nathalie-charles-wiesemeyer\\\/\"},{\"@type\":\"ListItem\",\"position\":2,\"name\":\"My Offer\"}]},{\"@type\":\"WebSite\",\"@id\":\"https:\\\/\\\/a-propos-du-francais.de\\\/en\\\/#website\",\"url\":\"https:\\\/\\\/a-propos-du-francais.de\\\/en\\\/\",\"name\":\"Nathalie Charl\u00e8s-Wiesemeyer\",\"description\":\"Franz\u00f6sisch-Unterricht f\u00fcr Erwachsene\",\"alternateName\":\"Franz\u00f6sischunterricht f\u00fcr Erwachsene\",\"potentialAction\":[{\"@type\":\"SearchAction\",\"target\":{\"@type\":\"EntryPoint\",\"urlTemplate\":\"https:\\\/\\\/a-propos-du-francais.de\\\/en\\\/?s={search_term_string}\"},\"query-input\":{\"@type\":\"PropertyValueSpecification\",\"valueRequired\":true,\"valueName\":\"search_term_string\"}}],\"inLanguage\":\"en-US\"}]}<\/script>\n<!-- \/ Yoast SEO plugin. -->","yoast_head_json":{"title":"My Offer | Nathalie Charl\u00e8s-Wiesemeyer","description":"Speak French with confidence: Train spontaneity creativity \u2013 with theater, music intercultural impulses.","robots":{"index":"index","follow":"follow","max-snippet":"max-snippet:-1","max-image-preview":"max-image-preview:large","max-video-preview":"max-video-preview:-1"},"canonical":"https:\/\/a-propos-du-francais.de\/en\/my-offer\/","og_locale":"en_US","og_type":"article","og_title":"My Offer | Nathalie Charl\u00e8s-Wiesemeyer","og_description":"Speak French with confidence: Train spontaneity creativity \u2013 with theater, music intercultural impulses.","og_url":"https:\/\/a-propos-du-francais.de\/en\/my-offer\/","og_site_name":"Nathalie Charl\u00e8s-Wiesemeyer","article_modified_time":"2025-08-28T09:40:26+00:00","og_image":[{"width":1000,"height":1018,"url":"https:\/\/a-propos-du-francais.de\/wp-content\/uploads\/2025\/03\/Nathalie-Charles-Wiesemeyer-interkultureller-Franzoesisch-unterricht-Portrait-03.jpg","type":"image\/jpeg"}],"twitter_card":"summary_large_image","twitter_misc":{"Est. reading time":"2 minutes"},"schema":{"@context":"https:\/\/schema.org","@graph":[{"@type":"WebPage","@id":"https:\/\/a-propos-du-francais.de\/en\/my-offer\/","url":"https:\/\/a-propos-du-francais.de\/en\/my-offer\/","name":"My Offer | Nathalie Charl\u00e8s-Wiesemeyer","isPartOf":{"@id":"https:\/\/a-propos-du-francais.de\/en\/#website"},"primaryImageOfPage":{"@id":"https:\/\/a-propos-du-francais.de\/en\/my-offer\/#primaryimage"},"image":{"@id":"https:\/\/a-propos-du-francais.de\/en\/my-offer\/#primaryimage"},"thumbnailUrl":"https:\/\/a-propos-du-francais.de\/wp-content\/uploads\/2025\/03\/Nathalie-Charles-Wiesemeyer-interkultureller-Franzoesisch-unterricht-Portrait-03.jpg","datePublished":"2025-03-24T14:59:26+00:00","dateModified":"2025-08-28T09:40:26+00:00","description":"Speak French with confidence: Train spontaneity creativity \u2013 with theater, music intercultural impulses.","breadcrumb":{"@id":"https:\/\/a-propos-du-francais.de\/en\/my-offer\/#breadcrumb"},"inLanguage":"en-US","potentialAction":[{"@type":"ReadAction","target":["https:\/\/a-propos-du-francais.de\/en\/my-offer\/"]}]},{"@type":"ImageObject","inLanguage":"en-US","@id":"https:\/\/a-propos-du-francais.de\/en\/my-offer\/#primaryimage","url":"https:\/\/a-propos-du-francais.de\/wp-content\/uploads\/2025\/03\/Nathalie-Charles-Wiesemeyer-interkultureller-Franzoesisch-unterricht-Portrait-03.jpg","contentUrl":"https:\/\/a-propos-du-francais.de\/wp-content\/uploads\/2025\/03\/Nathalie-Charles-Wiesemeyer-interkultureller-Franzoesisch-unterricht-Portrait-03.jpg","width":1000,"height":1018},{"@type":"BreadcrumbList","@id":"https:\/\/a-propos-du-francais.de\/en\/my-offer\/#breadcrumb","itemListElement":[{"@type":"ListItem","position":1,"name":"Startseite","item":"https:\/\/a-propos-du-francais.de\/en\/nathalie-charles-wiesemeyer\/"},{"@type":"ListItem","position":2,"name":"My Offer"}]},{"@type":"WebSite","@id":"https:\/\/a-propos-du-francais.de\/en\/#website","url":"https:\/\/a-propos-du-francais.de\/en\/","name":"Nathalie Charl\u00e8s-Wiesemeyer","description":"Franz\u00f6sisch-Unterricht f\u00fcr Erwachsene","alternateName":"Franz\u00f6sischunterricht f\u00fcr Erwachsene","potentialAction":[{"@type":"SearchAction","target":{"@type":"EntryPoint","urlTemplate":"https:\/\/a-propos-du-francais.de\/en\/?s={search_term_string}"},"query-input":{"@type":"PropertyValueSpecification","valueRequired":true,"valueName":"search_term_string"}}],"inLanguage":"en-US"}]}},"_links":{"self":[{"href":"https:\/\/a-propos-du-francais.de\/en\/wp-json\/wp\/v2\/pages\/7506","targetHints":{"allow":["GET"]}}],"collection":[{"href":"https:\/\/a-propos-du-francais.de\/en\/wp-json\/wp\/v2\/pages"}],"about":[{"href":"https:\/\/a-propos-du-francais.de\/en\/wp-json\/wp\/v2\/types\/page"}],"author":[{"embeddable":true,"href":"https:\/\/a-propos-du-francais.de\/en\/wp-json\/wp\/v2\/users\/18"}],"replies":[{"embeddable":true,"href":"https:\/\/a-propos-du-francais.de\/en\/wp-json\/wp\/v2\/comments?post=7506"}],"version-history":[{"count":0,"href":"https:\/\/a-propos-du-francais.de\/en\/wp-json\/wp\/v2\/pages\/7506\/revisions"}],"wp:featuredmedia":[{"embeddable":true,"href":"https:\/\/a-propos-du-francais.de\/en\/wp-json\/wp\/v2\/media\/7502"}],"wp:attachment":[{"href":"https:\/\/a-propos-du-francais.de\/en\/wp-json\/wp\/v2\/media?parent=7506"}],"curies":[{"name":"wp","href":"https:\/\/api.w.org\/{rel}","templated":true}]}}