{"id":7518,"date":"2024-03-28T11:04:08","date_gmt":"2024-03-28T10:04:08","guid":{"rendered":"https:\/\/a-propos-du-francais.de\/imprint\/"},"modified":"2025-08-28T13:35:30","modified_gmt":"2025-08-28T11:35:30","slug":"imprint","status":"publish","type":"page","link":"https:\/\/a-propos-du-francais.de\/en\/imprint\/","title":{"rendered":"Imprint"},"content":{"rendered":"\t\t<div data-elementor-type=\"wp-page\" data-elementor-id=\"7518\" class=\"elementor elementor-7518 elementor-44\" data-elementor-post-type=\"page\">\n\t\t\t\t<div class=\"elementor-element elementor-element-86447eb e-flex e-con-boxed e-con e-parent\" data-id=\"86447eb\" data-element_type=\"container\" data-e-type=\"container\" data-settings=\"{&quot;background_background&quot;:&quot;classic&quot;}\">\n\t\t\t\t\t<div class=\"e-con-inner\">\n\t\t<div class=\"elementor-element elementor-element-9e917da e-con-full e-flex e-con e-child\" data-id=\"9e917da\" data-element_type=\"container\" data-e-type=\"container\">\n\t\t\t\t<div class=\"elementor-element elementor-element-5d22fd8 elementor-widget elementor-widget-text-editor\" data-id=\"5d22fd8\" data-element_type=\"widget\" data-e-type=\"widget\" data-widget_type=\"text-editor.default\">\n\t\t\t\t<div class=\"elementor-widget-container\">\n\t\t\t\t\t\t\t\t\t<p><strong>Information according to \u00a7 5 DDG:<\/strong><\/p>\t\t\t\t\t\t\t\t<\/div>\n\t\t\t\t<\/div>\n\t\t\t\t<div class=\"elementor-element elementor-element-28def7d elementor-widget elementor-widget-text-editor\" data-id=\"28def7d\" data-element_type=\"widget\" data-e-type=\"widget\" data-widget_type=\"text-editor.default\">\n\t\t\t\t<div class=\"elementor-widget-container\">\n\t\t\t\t\t\t\t\t\t<p><strong>Contact details<\/strong><\/p><p>Nathalie Charl\u00e8s-Wiesemeyer<br>Achtmorgenweg 56<br>53343 Wachtberg<\/p><p><a href=\"mailto:nathalie.charles-wiesemeyer@posteo.net\">nathalie.charles-wiesemeyer@posteo.net<\/a><\/p>\t\t\t\t\t\t\t\t<\/div>\n\t\t\t\t<\/div>\n\t\t\t\t<div class=\"elementor-element elementor-element-8beea8a elementor-widget elementor-widget-text-editor\" data-id=\"8beea8a\" data-element_type=\"widget\" data-e-type=\"widget\" data-widget_type=\"text-editor.default\">\n\t\t\t\t<div class=\"elementor-widget-container\">\n\t\t\t\t\t\t\t\t\t<p><strong>Responsible for content according to \u00a7 55 Para. 2 RStV:  <br><\/strong>Nathalie Charl\u00e8s-Wiesemeyer<\/p>\t\t\t\t\t\t\t\t<\/div>\n\t\t\t\t<\/div>\n\t\t\t\t<div class=\"elementor-element elementor-element-a0f23fc elementor-widget elementor-widget-text-editor\" data-id=\"a0f23fc\" data-element_type=\"widget\" data-e-type=\"widget\" data-widget_type=\"text-editor.default\">\n\t\t\t\t<div class=\"elementor-widget-container\">\n\t\t\t\t\t\t\t\t\t<p><strong>Concept and implementation: <\/strong><br>Motho-Design<\/p>\t\t\t\t\t\t\t\t<\/div>\n\t\t\t\t<\/div>\n\t\t\t\t<div class=\"elementor-element elementor-element-4e7aaa8 elementor-widget elementor-widget-text-editor\" data-id=\"4e7aaa8\" data-element_type=\"widget\" data-e-type=\"widget\" data-widget_type=\"text-editor.default\">\n\t\t\t\t<div class=\"elementor-widget-container\">\n\t\t\t\t\t\t\t\t\t<p><strong>Disclaimer<\/strong><\/p><p><strong>Liability for content<\/strong><br>The contents of these pages have been created with the utmost care. However, I cannot assume any liability for the correctness, completeness, and topicality of the content. As a service provider, I am responsible according to \u00a7 7 Para. 1 DDG for my own content on these pages according to general laws. According to \u00a7\u00a7 8 to 10 DDG, I am not obliged as a service provider to monitor transmitted or stored third-party information or to investigate circumstances that indicate illegal activity. Obligations to remove or block the use of information according to general laws remain unaffected by this. However, liability in this regard is only possible from the point in time at which a concrete violation of the law becomes known. Upon becoming aware of corresponding violations of the law, I will remove this content immediately.<\/p><p><strong>Liability for links<\/strong><br>My offer contains links to external websites of third parties, on whose contents I have no influence. Therefore, I cannot assume any liability for these external contents. The respective provider or operator of the pages is always responsible for the content of the linked pages. The linked pages were checked for possible legal violations at the time of linking. Illegal contents were not recognizable at the time of linking. However, a permanent content control of the linked pages is not reasonable without concrete evidence of a violation of the law. Upon becoming aware of legal violations, I will remove such links immediately.<\/p><p><strong>Copyright<\/strong><br>The contents and works on these pages created by the site operator are subject to German copyright law. The duplication, processing, distribution, and any kind of exploitation outside the limits of copyright require the written consent of the respective author or creator. Downloads and copies of this page are only permitted for private, non-commercial use. Insofar as the content on this page was not created by the operator, the copyrights of third parties are respected. In particular, third-party content is marked as such. Should you nevertheless become aware of a copyright infringement, I ask that you inform me accordingly. Upon becoming aware of legal violations, I will remove such content immediately.<\/p><p><a href=\"https:\/\/a-propos-du-francais.de\/datenschutz\/\" target=\"_blank\" rel=\"noopener\">Privacy Policy<\/a><\/p>\t\t\t\t\t\t\t\t<\/div>\n\t\t\t\t<\/div>\n\t\t\t\t<\/div>\n\t\t\t\t\t<\/div>\n\t\t\t\t<\/div>\n\t\t\t\t<\/div>\n\t\t","protected":false},"excerpt":{"rendered":"<p>Information according to \u00a7 5 DDG: Contact details Nathalie Charl\u00e8s-WiesemeyerAchtmorgenweg 5653343 Wachtberg nathalie.charles-wiesemeyer@posteo.net Responsible for content according to \u00a7 55 [&hellip;]<\/p>\n","protected":false},"author":18,"featured_media":0,"parent":0,"menu_order":99,"comment_status":"closed","ping_status":"closed","template":"","meta":{"site-sidebar-layout":"no-sidebar","site-content-layout":"","ast-site-content-layout":"full-width-container","site-content-style":"boxed","site-sidebar-style":"default","ast-global-header-display":"","ast-banner-title-visibility":"","ast-main-header-display":"","ast-hfb-above-header-display":"","ast-hfb-below-header-display":"","ast-hfb-mobile-header-display":"","site-post-title":"disabled","ast-breadcrumbs-content":"","ast-featured-img":"disabled","footer-sml-layout":"","ast-disable-related-posts":"","theme-transparent-header-meta":"","adv-header-id-meta":"","stick-header-meta":"","header-above-stick-meta":"","header-main-stick-meta":"","header-below-stick-meta":"","astra-migrate-meta-layouts":"default","ast-page-background-enabled":"default","ast-page-background-meta":{"desktop":{"background-color":"var(--ast-global-color-4)","background-image":"","background-repeat":"repeat","background-position":"center center","background-size":"auto","background-attachment":"scroll","background-type":"","background-media":"","overlay-type":"","overlay-color":"","overlay-opacity":"","overlay-gradient":""},"tablet":{"background-color":"","background-image":"","background-repeat":"repeat","background-position":"center center","background-size":"auto","background-attachment":"scroll","background-type":"","background-media":"","overlay-type":"","overlay-color":"","overlay-opacity":"","overlay-gradient":""},"mobile":{"background-color":"","background-image":"","background-repeat":"repeat","background-position":"center center","background-size":"auto","background-attachment":"scroll","background-type":"","background-media":"","overlay-type":"","overlay-color":"","overlay-opacity":"","overlay-gradient":""}},"ast-content-background-meta":{"desktop":{"background-color":"var(--ast-global-color-5)","background-image":"","background-repeat":"repeat","background-position":"center center","background-size":"auto","background-attachment":"scroll","background-type":"","background-media":"","overlay-type":"","overlay-color":"","overlay-opacity":"","overlay-gradient":""},"tablet":{"background-color":"var(--ast-global-color-5)","background-image":"","background-repeat":"repeat","background-position":"center center","background-size":"auto","background-attachment":"scroll","background-type":"","background-media":"","overlay-type":"","overlay-color":"","overlay-opacity":"","overlay-gradient":""},"mobile":{"background-color":"var(--ast-global-color-5)","background-image":"","background-repeat":"repeat","background-position":"center center","background-size":"auto","background-attachment":"scroll","background-type":"","background-media":"","overlay-type":"","overlay-color":"","overlay-opacity":"","overlay-gradient":""}},"footnotes":""},"class_list":["post-7518","page","type-page","status-publish","hentry"],"yoast_head":"<!-- This site is optimized with the Yoast SEO plugin v27.3 - https:\/\/yoast.com\/product\/yoast-seo-wordpress\/ -->\n<title>Imprint | Nathalie Charl\u00e8s-Wiesemeyer<\/title>\n<meta name=\"robots\" content=\"index, follow, max-snippet:-1, max-image-preview:large, max-video-preview:-1\" \/>\n<link rel=\"canonical\" href=\"https:\/\/a-propos-du-francais.de\/en\/imprint\/\" \/>\n<meta property=\"og:locale\" content=\"en_US\" \/>\n<meta property=\"og:type\" content=\"article\" \/>\n<meta property=\"og:title\" content=\"Imprint | Nathalie Charl\u00e8s-Wiesemeyer\" \/>\n<meta property=\"og:description\" content=\"Information according to \u00a7 5 DDG: Contact details Nathalie Charl\u00e8s-WiesemeyerAchtmorgenweg 5653343 Wachtberg nathalie.charles-wiesemeyer@posteo.net Responsible for content according to \u00a7 55 [&hellip;]\" \/>\n<meta property=\"og:url\" content=\"https:\/\/a-propos-du-francais.de\/en\/imprint\/\" \/>\n<meta property=\"og:site_name\" content=\"Nathalie Charl\u00e8s-Wiesemeyer\" \/>\n<meta property=\"article:modified_time\" content=\"2025-08-28T11:35:30+00:00\" \/>\n<meta property=\"og:image\" content=\"https:\/\/a-propos-du-francais.de\/wp-content\/uploads\/2025\/03\/Nathalie-Charles-Wiesemeyer-interkultureller-Franzoesisch-bg-12.jpg\" \/>\n\t<meta property=\"og:image:width\" content=\"2000\" \/>\n\t<meta property=\"og:image:height\" content=\"1388\" \/>\n\t<meta property=\"og:image:type\" content=\"image\/jpeg\" \/>\n<meta name=\"twitter:card\" content=\"summary_large_image\" \/>\n<meta name=\"twitter:label1\" content=\"Est. reading time\" \/>\n\t<meta name=\"twitter:data1\" content=\"2 minutes\" \/>\n<script type=\"application\/ld+json\" class=\"yoast-schema-graph\">{\"@context\":\"https:\\\/\\\/schema.org\",\"@graph\":[{\"@type\":\"WebPage\",\"@id\":\"https:\\\/\\\/a-propos-du-francais.de\\\/en\\\/imprint\\\/\",\"url\":\"https:\\\/\\\/a-propos-du-francais.de\\\/en\\\/imprint\\\/\",\"name\":\"Imprint | Nathalie Charl\u00e8s-Wiesemeyer\",\"isPartOf\":{\"@id\":\"https:\\\/\\\/a-propos-du-francais.de\\\/en\\\/#website\"},\"datePublished\":\"2024-03-28T10:04:08+00:00\",\"dateModified\":\"2025-08-28T11:35:30+00:00\",\"breadcrumb\":{\"@id\":\"https:\\\/\\\/a-propos-du-francais.de\\\/en\\\/imprint\\\/#breadcrumb\"},\"inLanguage\":\"en-US\",\"potentialAction\":[{\"@type\":\"ReadAction\",\"target\":[\"https:\\\/\\\/a-propos-du-francais.de\\\/en\\\/imprint\\\/\"]}]},{\"@type\":\"BreadcrumbList\",\"@id\":\"https:\\\/\\\/a-propos-du-francais.de\\\/en\\\/imprint\\\/#breadcrumb\",\"itemListElement\":[{\"@type\":\"ListItem\",\"position\":1,\"name\":\"Startseite\",\"item\":\"https:\\\/\\\/a-propos-du-francais.de\\\/en\\\/nathalie-charles-wiesemeyer\\\/\"},{\"@type\":\"ListItem\",\"position\":2,\"name\":\"Imprint\"}]},{\"@type\":\"WebSite\",\"@id\":\"https:\\\/\\\/a-propos-du-francais.de\\\/en\\\/#website\",\"url\":\"https:\\\/\\\/a-propos-du-francais.de\\\/en\\\/\",\"name\":\"Nathalie Charl\u00e8s-Wiesemeyer\",\"description\":\"Franz\u00f6sisch-Unterricht f\u00fcr Erwachsene\",\"alternateName\":\"Franz\u00f6sischunterricht f\u00fcr Erwachsene\",\"potentialAction\":[{\"@type\":\"SearchAction\",\"target\":{\"@type\":\"EntryPoint\",\"urlTemplate\":\"https:\\\/\\\/a-propos-du-francais.de\\\/en\\\/?s={search_term_string}\"},\"query-input\":{\"@type\":\"PropertyValueSpecification\",\"valueRequired\":true,\"valueName\":\"search_term_string\"}}],\"inLanguage\":\"en-US\"}]}<\/script>\n<!-- \/ Yoast SEO plugin. -->","yoast_head_json":{"title":"Imprint | Nathalie Charl\u00e8s-Wiesemeyer","robots":{"index":"index","follow":"follow","max-snippet":"max-snippet:-1","max-image-preview":"max-image-preview:large","max-video-preview":"max-video-preview:-1"},"canonical":"https:\/\/a-propos-du-francais.de\/en\/imprint\/","og_locale":"en_US","og_type":"article","og_title":"Imprint | Nathalie Charl\u00e8s-Wiesemeyer","og_description":"Information according to \u00a7 5 DDG: Contact details Nathalie Charl\u00e8s-WiesemeyerAchtmorgenweg 5653343 Wachtberg nathalie.charles-wiesemeyer@posteo.net Responsible for content according to \u00a7 55 [&hellip;]","og_url":"https:\/\/a-propos-du-francais.de\/en\/imprint\/","og_site_name":"Nathalie Charl\u00e8s-Wiesemeyer","article_modified_time":"2025-08-28T11:35:30+00:00","og_image":[{"width":2000,"height":1388,"url":"https:\/\/a-propos-du-francais.de\/wp-content\/uploads\/2025\/03\/Nathalie-Charles-Wiesemeyer-interkultureller-Franzoesisch-bg-12.jpg","type":"image\/jpeg"}],"twitter_card":"summary_large_image","twitter_misc":{"Est. reading time":"2 minutes"},"schema":{"@context":"https:\/\/schema.org","@graph":[{"@type":"WebPage","@id":"https:\/\/a-propos-du-francais.de\/en\/imprint\/","url":"https:\/\/a-propos-du-francais.de\/en\/imprint\/","name":"Imprint | Nathalie Charl\u00e8s-Wiesemeyer","isPartOf":{"@id":"https:\/\/a-propos-du-francais.de\/en\/#website"},"datePublished":"2024-03-28T10:04:08+00:00","dateModified":"2025-08-28T11:35:30+00:00","breadcrumb":{"@id":"https:\/\/a-propos-du-francais.de\/en\/imprint\/#breadcrumb"},"inLanguage":"en-US","potentialAction":[{"@type":"ReadAction","target":["https:\/\/a-propos-du-francais.de\/en\/imprint\/"]}]},{"@type":"BreadcrumbList","@id":"https:\/\/a-propos-du-francais.de\/en\/imprint\/#breadcrumb","itemListElement":[{"@type":"ListItem","position":1,"name":"Startseite","item":"https:\/\/a-propos-du-francais.de\/en\/nathalie-charles-wiesemeyer\/"},{"@type":"ListItem","position":2,"name":"Imprint"}]},{"@type":"WebSite","@id":"https:\/\/a-propos-du-francais.de\/en\/#website","url":"https:\/\/a-propos-du-francais.de\/en\/","name":"Nathalie Charl\u00e8s-Wiesemeyer","description":"Franz\u00f6sisch-Unterricht f\u00fcr Erwachsene","alternateName":"Franz\u00f6sischunterricht f\u00fcr Erwachsene","potentialAction":[{"@type":"SearchAction","target":{"@type":"EntryPoint","urlTemplate":"https:\/\/a-propos-du-francais.de\/en\/?s={search_term_string}"},"query-input":{"@type":"PropertyValueSpecification","valueRequired":true,"valueName":"search_term_string"}}],"inLanguage":"en-US"}]}},"_links":{"self":[{"href":"https:\/\/a-propos-du-francais.de\/en\/wp-json\/wp\/v2\/pages\/7518","targetHints":{"allow":["GET"]}}],"collection":[{"href":"https:\/\/a-propos-du-francais.de\/en\/wp-json\/wp\/v2\/pages"}],"about":[{"href":"https:\/\/a-propos-du-francais.de\/en\/wp-json\/wp\/v2\/types\/page"}],"author":[{"embeddable":true,"href":"https:\/\/a-propos-du-francais.de\/en\/wp-json\/wp\/v2\/users\/18"}],"replies":[{"embeddable":true,"href":"https:\/\/a-propos-du-francais.de\/en\/wp-json\/wp\/v2\/comments?post=7518"}],"version-history":[{"count":0,"href":"https:\/\/a-propos-du-francais.de\/en\/wp-json\/wp\/v2\/pages\/7518\/revisions"}],"wp:attachment":[{"href":"https:\/\/a-propos-du-francais.de\/en\/wp-json\/wp\/v2\/media?parent=7518"}],"curies":[{"name":"wp","href":"https:\/\/api.w.org\/{rel}","templated":true}]}}